{"id":72,"date":"2016-03-16T10:33:26","date_gmt":"2016-03-16T09:33:26","guid":{"rendered":"http:\/\/new.wuestemedien.de\/?page_id=72"},"modified":"2020-02-11T16:46:06","modified_gmt":"2020-02-11T15:46:06","slug":"ueber-uns","status":"publish","type":"page","link":"https:\/\/www.wuestemedien.de\/en\/ueber-uns\/","title":{"rendered":"About"},"content":{"rendered":"<p>W\u00fcste Medien GmbH was founded in 2008 and is operating as an internal and external service producer. In this function, the company develops and produces TV films and\/or carries out the production of films on behalf of third parties such as broadcasters, streaming platforms and many more. Thus, the W\u00fcste Film family has expanded by one arm to develop and produce TV films and TV series, amongst others. The films produced by W\u00fcste Medien can be found in the joint portfolio of W\u00fcste Film and W\u00fcste Medien under the menu item &#8220;Films&#8221;.<\/p>","protected":false},"excerpt":{"rendered":"<p>W\u00fcste Medien GmbH was founded in 2008 and is operating as an internal and external service producer. In this function, the company develops and produces TV films and\/or carries out the production of films on behalf of third parties such as broadcasters, streaming platforms and many more. Thus, the W\u00fcste Film family has expanded by <a class=\"moretag\" href=\"https:\/\/www.wuestemedien.de\/en\/ueber-uns\/\">&rarr; Read more<\/a><\/p>\n","protected":false},"author":1,"featured_media":127,"parent":0,"menu_order":0,"comment_status":"closed","ping_status":"closed","template":"","meta":{"footnotes":""},"_links":{"self":[{"href":"https:\/\/www.wuestemedien.de\/en\/wp-json\/wp\/v2\/pages\/72"}],"collection":[{"href":"https:\/\/www.wuestemedien.de\/en\/wp-json\/wp\/v2\/pages"}],"about":[{"href":"https:\/\/www.wuestemedien.de\/en\/wp-json\/wp\/v2\/types\/page"}],"author":[{"embeddable":true,"href":"https:\/\/www.wuestemedien.de\/en\/wp-json\/wp\/v2\/users\/1"}],"replies":[{"embeddable":true,"href":"https:\/\/www.wuestemedien.de\/en\/wp-json\/wp\/v2\/comments?post=72"}],"version-history":[{"count":9,"href":"https:\/\/www.wuestemedien.de\/en\/wp-json\/wp\/v2\/pages\/72\/revisions"}],"predecessor-version":[{"id":285,"href":"https:\/\/www.wuestemedien.de\/en\/wp-json\/wp\/v2\/pages\/72\/revisions\/285"}],"wp:featuredmedia":[{"embeddable":true,"href":"https:\/\/www.wuestemedien.de\/en\/wp-json\/wp\/v2\/media\/127"}],"wp:attachment":[{"href":"https:\/\/www.wuestemedien.de\/en\/wp-json\/wp\/v2\/media?parent=72"}],"curies":[{"name":"wp","href":"https:\/\/api.w.org\/{rel}","templated":true}]}}